{"id":7,"date":"2018-03-21T21:01:16","date_gmt":"2018-03-21T21:01:16","guid":{"rendered":"http:\/\/korer.com.tr\/?page_id=7"},"modified":"2018-09-18T08:30:40","modified_gmt":"2018-09-18T08:30:40","slug":"ana-sayfa","status":"publish","type":"page","link":"http:\/\/korer.com.tr\/","title":{"rendered":"Ana sayfa"},"content":{"rendered":"<p>Korer Yap\u0131 internet sitesine ho\u015fgeldiniz.<\/p>\n<p>2015 y\u0131l\u0131nda kurulan firmam\u0131z ile in\u015faat sekt\u00f6r\u00fcn\u00fcn t\u00fcm alanlar\u0131nda hizmet vermekteyiz.<\/p>\n","protected":false},"excerpt":{"rendered":"<p>Korer Yap\u0131 internet sitesine ho\u015fgeldiniz. 2015 y\u0131l\u0131nda kurulan firmam\u0131z ile in\u015faat sekt\u00f6r\u00fcn\u00fcn t\u00fcm alanlar\u0131nda hizmet vermekteyiz.<\/p>\n","protected":false},"author":1,"featured_media":52,"parent":0,"menu_order":0,"comment_status":"closed","ping_status":"closed","template":"","meta":{"footnotes":""},"class_list":["post-7","page","type-page","status-publish","has-post-thumbnail","hentry"],"_links":{"self":[{"href":"http:\/\/korer.com.tr\/index.php?rest_route=\/wp\/v2\/pages\/7","targetHints":{"allow":["GET"]}}],"collection":[{"href":"http:\/\/korer.com.tr\/index.php?rest_route=\/wp\/v2\/pages"}],"about":[{"href":"http:\/\/korer.com.tr\/index.php?rest_route=\/wp\/v2\/types\/page"}],"author":[{"embeddable":true,"href":"http:\/\/korer.com.tr\/index.php?rest_route=\/wp\/v2\/users\/1"}],"replies":[{"embeddable":true,"href":"http:\/\/korer.com.tr\/index.php?rest_route=%2Fwp%2Fv2%2Fcomments&post=7"}],"version-history":[{"count":2,"href":"http:\/\/korer.com.tr\/index.php?rest_route=\/wp\/v2\/pages\/7\/revisions"}],"predecessor-version":[{"id":38,"href":"http:\/\/korer.com.tr\/index.php?rest_route=\/wp\/v2\/pages\/7\/revisions\/38"}],"wp:featuredmedia":[{"embeddable":true,"href":"http:\/\/korer.com.tr\/index.php?rest_route=\/wp\/v2\/media\/52"}],"wp:attachment":[{"href":"http:\/\/korer.com.tr\/index.php?rest_route=%2Fwp%2Fv2%2Fmedia&parent=7"}],"curies":[{"name":"wp","href":"https:\/\/api.w.org\/{rel}","templated":true}]}}